{"id":32,"date":"2021-11-23T08:55:09","date_gmt":"2021-11-23T07:55:09","guid":{"rendered":"https:\/\/feliuconsultors.com\/?page_id=32"},"modified":"2025-07-17T10:23:56","modified_gmt":"2025-07-17T09:23:56","slug":"contacto","status":"publish","type":"page","link":"https:\/\/www.feliuconsultors.com\/es\/contacto","title":{"rendered":"Contacto"},"content":{"rendered":"<p>[et_pb_section fb_built=\u00bb1&#8243; admin_label=\u00bbHeader\u00bb _builder_version=\u00bb4.16.1&#8243; _module_preset=\u00bbdefault\u00bb background_image=\u00bbhttps:\/\/feliuconsultors.com\/wp-content\/uploads\/2022\/04\/servicio-abogados.jpg\u00bb custom_padding=\u00bb30px||30px||true|false\u00bb global_colors_info=\u00bb{}\u00bb][et_pb_row column_structure=\u00bb1_2,1_2&#8243; _builder_version=\u00bb4.16&#8243; _module_preset=\u00bbdefault\u00bb width=\u00bb90%\u00bb max_width=\u00bb1200px\u00bb custom_margin=\u00bb15px||15px||true|false\u00bb custom_padding=\u00bb||||false|true\u00bb locked=\u00bboff\u00bb global_colors_info=\u00bb{}\u00bb][et_pb_column type=\u00bb1_2&#8243; _builder_version=\u00bb4.16&#8243; _module_preset=\u00bbdefault\u00bb background_color=\u00bbrgba(255,255,255,0.87)\u00bb custom_padding=\u00bb40px|40px|40px|40px|true|true\u00bb custom_padding_tablet=\u00bb0px||||false|false\u00bb custom_padding_phone=\u00bb\u00bb custom_padding_last_edited=\u00bbon|tablet\u00bb border_radii=\u00bbon|50px|50px|50px|50px\u00bb global_colors_info=\u00bb{}\u00bb][et_pb_text _builder_version=\u00bb4.16&#8243; _module_preset=\u00bbdefault\u00bb header_font=\u00bbGlacial Indifference Regular|600|||||||\u00bb header_text_color=\u00bb#4C6679&#8243; header_font_size=\u00bb60px\u00bb header_line_height=\u00bb1.2em\u00bb header_font_size_tablet=\u00bb40px\u00bb header_font_size_phone=\u00bb24px\u00bb header_font_size_last_edited=\u00bbon|phone\u00bb locked=\u00bboff\u00bb global_colors_info=\u00bb{}\u00bb]<\/p>\n<h1>Contacto<\/h1>\n<p>[\/et_pb_text][et_pb_divider color=\u00bb#559999&#8243; divider_weight=\u00bb6px\u00bb _builder_version=\u00bb4.16&#8243; _module_preset=\u00bbdefault\u00bb max_width=\u00bb7%\u00bb module_alignment=\u00bbleft\u00bb custom_margin=\u00bb||30px||false|false\u00bb custom_padding=\u00bb||||false|false\u00bb global_colors_info=\u00bb{}\u00bb][\/et_pb_divider][et_pb_blurb title=\u00bb+34 93 875 35 20&#8243; use_icon=\u00bbon\u00bb font_icon=\u00bb&#xf879;||fa||900&#8243; icon_color=\u00bb#559999&#8243; icon_placement=\u00bbleft\u00bb image_icon_width=\u00bb24px\u00bb _builder_version=\u00bb4.16.1&#8243; _module_preset=\u00bbdefault\u00bb header_font_size=\u00bb18px\u00bb header_line_height=\u00bb1.2em\u00bb body_font_size=\u00bb20px\u00bb body_line_height=\u00bb1.8em\u00bb body_link_text_color=\u00bb#000000&#8243; custom_margin=\u00bb10px||10px||true|false\u00bb global_colors_info=\u00bb{}\u00bb][\/et_pb_blurb][et_pb_blurb title=\u00bbcomunicacio@feliuconsultors.com\u00bb use_icon=\u00bbon\u00bb font_icon=\u00bb&#xe076;||divi||400&#8243; icon_color=\u00bb#559999&#8243; icon_placement=\u00bbleft\u00bb image_icon_width=\u00bb24px\u00bb _builder_version=\u00bb4.16&#8243; _module_preset=\u00bbdefault\u00bb header_font_size=\u00bb18px\u00bb header_line_height=\u00bb1.2em\u00bb body_font_size=\u00bb20px\u00bb body_line_height=\u00bb1.8em\u00bb body_link_text_color=\u00bb#000000&#8243; custom_margin=\u00bb15px||15px||true|false\u00bb global_colors_info=\u00bb{}\u00bb][\/et_pb_blurb][et_pb_blurb title=\u00bbSant Joan Baptista de la Salle 4-6, 2\u00ba 08241 Manresa Barcelona, Espa\u00f1a\u00bb use_icon=\u00bbon\u00bb font_icon=\u00bb&#xe081;||divi||400&#8243; icon_color=\u00bb#559999&#8243; icon_placement=\u00bbleft\u00bb image_icon_width=\u00bb24px\u00bb _builder_version=\u00bb4.16&#8243; _module_preset=\u00bbdefault\u00bb header_font_size=\u00bb18px\u00bb header_line_height=\u00bb1.4em\u00bb body_font_size=\u00bb20px\u00bb body_line_height=\u00bb1.8em\u00bb body_link_text_color=\u00bb#000000&#8243; custom_margin=\u00bb15px||15px||true|false\u00bb global_colors_info=\u00bb{}\u00bb][\/et_pb_blurb][\/et_pb_column][et_pb_column type=\u00bb1_2&#8243; _builder_version=\u00bb4.16&#8243; _module_preset=\u00bbdefault\u00bb background_color=\u00bbRGBA(255,255,255,0)\u00bb custom_padding=\u00bb|20px||20px|false|true\u00bb custom_padding_tablet=\u00bb50px|50px|50px|50px|true|true\u00bb custom_padding_phone=\u00bb20px|20px|20px|20px|true|true\u00bb custom_padding_last_edited=\u00bbon|desktop\u00bb border_radii=\u00bboff|70px||70px|\u00bb border_radii_tablet=\u00bb\u00bb border_radii_phone=\u00bboff|20px||20px|\u00bb border_radii_last_edited=\u00bbon|phone\u00bb global_colors_info=\u00bb{}\u00bb][\/et_pb_column][\/et_pb_row][\/et_pb_section][et_pb_section fb_built=\u00bb1&#8243; custom_padding_last_edited=\u00bbon|phone\u00bb admin_label=\u00bbContact form\u00bb _builder_version=\u00bb4.16&#8243; _module_preset=\u00bbdefault\u00bb background_color=\u00bb#FFFFFF\u00bb background_enable_image=\u00bboff\u00bb background_size=\u00bbinitial\u00bb background_position=\u00bbtop_center\u00bb background_repeat=\u00bbrepeat\u00bb custom_padding=\u00bb50px||50px||true|false\u00bb custom_padding_tablet=\u00bb80px||80px||true|false\u00bb custom_padding_phone=\u00bb50px||50px||true|false\u00bb locked=\u00bboff\u00bb global_colors_info=\u00bb{}\u00bb][et_pb_row custom_padding_last_edited=\u00bbon|phone\u00bb _builder_version=\u00bb4.16&#8243; _module_preset=\u00bbdefault\u00bb background_color=\u00bb#ffffff\u00bb custom_padding=\u00bb80px|80px|80px|80px|true|true\u00bb custom_padding_tablet=\u00bb40px|30px|40px|30px|true|true\u00bb custom_padding_phone=\u00bb30px|20px|30px|20px|true|true\u00bb animation_style=\u00bbflip\u00bb animation_direction=\u00bbtop\u00bb animation_duration=\u00bb500ms\u00bb animation_intensity_flip=\u00bb10%\u00bb animation_intensity_flip_tablet=\u00bb0%\u00bb animation_intensity_flip_phone=\u00bb\u00bb animation_intensity_flip_last_edited=\u00bbon|tablet\u00bb global_colors_info=\u00bb{}\u00bb][et_pb_column type=\u00bb4_4&#8243; _builder_version=\u00bb4.16&#8243; _module_preset=\u00bbdefault\u00bb global_colors_info=\u00bb{}\u00bb][et_pb_text _builder_version=\u00bb4.16&#8243; _module_preset=\u00bbdefault\u00bb header_font=\u00bbGlacial Indifference Regular|600|||||||\u00bb header_text_color=\u00bb#4C6679&#8243; header_font_size=\u00bb60px\u00bb header_line_height=\u00bb1.2em\u00bb header_2_text_align=\u00bbcenter\u00bb header_2_text_color=\u00bb#374F59&#8243; header_2_font_size=\u00bb38px\u00bb header_2_line_height=\u00bb1.3em\u00bb header_font_size_tablet=\u00bb40px\u00bb header_font_size_phone=\u00bb24px\u00bb header_font_size_last_edited=\u00bbon|phone\u00bb locked=\u00bboff\u00bb global_colors_info=\u00bb{}\u00bb]<\/p>\n<h2 class=\"elementor-heading-title elementor-size-default\">Contacta con nosotros y un especialista atender\u00e1 tu consulta<\/h2>\n<p>[\/et_pb_text][et_pb_contact_form captcha=\u00bboff\u00bb email=\u00bbcomunicacio@feliuconsultors.com\u00bb custom_message=\u00bbP\u00c1GINA DE CONTACTO||et_pb_line_break_holder||||et_pb_line_break_holder||Nombre y apellidos: %%nombre%%||et_pb_line_break_holder||Email: %%email%%||et_pb_line_break_holder||Tel\u00e9fono: %%tel\u00e9fono%%||et_pb_line_break_holder||C\u00f3digo postal o localidad: %%localidad%%||et_pb_line_break_holder||Empresa: %%empresa%%||et_pb_line_break_holder||Servicio: %%servicio%%||et_pb_line_break_holder||||et_pb_line_break_holder||Mensaje:||et_pb_line_break_holder||%%mensaje%%||et_pb_line_break_holder||||et_pb_line_break_holder||Aceptaci\u00f3n: %%PoliticaPrivacidad%%\u00bb success_message=\u00bbMuchas gracias por ponerte en contacto con nosotros. Pr\u00f3ximamente atenderemos a tu consulta.\u00bb submit_button_text=\u00bbENVIAR\u00bb module_class=\u00bbcustom-form\u00bb _builder_version=\u00bb4.16&#8243; _module_preset=\u00bbdefault\u00bb form_field_background_color=\u00bbrgba(50,71,71,0.03)\u00bb form_field_text_color=\u00bb#374F59&#8243; form_field_focus_background_color=\u00bbrgba(50,71,71,0.05)\u00bb form_field_focus_text_color=\u00bb#559999&#8243; form_field_custom_padding=\u00bb||||false|true\u00bb form_field_custom_padding_tablet=\u00bb\u00bb form_field_custom_padding_phone=\u00bb|15px||15px|false|true\u00bb form_field_custom_padding_last_edited=\u00bbon|phone\u00bb title_font=\u00bbKollektif|600|||||||\u00bb title_text_align=\u00bbcenter\u00bb title_text_color=\u00bb#005450&#8243; title_font_size=\u00bb40px\u00bb title_line_height=\u00bb1.4em\u00bb form_field_font=\u00bbGlacial Indifference Regular|600|||||||\u00bb form_field_font_size=\u00bb18px\u00bb form_field_line_height=\u00bb1.4em\u00bb custom_button=\u00bbon\u00bb button_text_size=\u00bb14px\u00bb button_text_color=\u00bb#ffffff\u00bb button_bg_color=\u00bb#559999&#8243; button_border_width=\u00bb0px\u00bb button_border_radius=\u00bb100px\u00bb button_letter_spacing=\u00bb2px\u00bb button_font=\u00bbGlacial Indifference Bold|500||on|||||\u00bb button_custom_padding=\u00bb18px|35px|18px|35px|true|true\u00bb button_custom_padding_tablet=\u00bb14px||14px||true|false\u00bb button_custom_padding_phone=\u00bb12px||12px||true|false\u00bb button_custom_padding_last_edited=\u00bbon|phone\u00bb module_alignment=\u00bbcenter\u00bb title_font_size_tablet=\u00bb42px\u00bb title_font_size_phone=\u00bb24px\u00bb title_font_size_last_edited=\u00bbon|phone\u00bb form_field_font_phone=\u00bbPoppins|300|||||||\u00bb form_field_font_last_edited=\u00bboff|phone\u00bb form_field_font_size_tablet=\u00bb16px\u00bb form_field_font_size_phone=\u00bb12px\u00bb form_field_font_size_last_edited=\u00bbon|phone\u00bb button_text_size_tablet=\u00bb\u00bb button_text_size_phone=\u00bb12px\u00bb button_text_size_last_edited=\u00bbon|phone\u00bb border_radii=\u00bbon|27px|27px|27px|27px\u00bb border_radii_tablet=\u00bbon|20px|20px|20px|20px\u00bb border_radii_phone=\u00bbon|10px|10px|10px|10px\u00bb border_radii_last_edited=\u00bbon|phone\u00bb global_colors_info=\u00bb{}\u00bb button_bg_color__hover=\u00bb#005450&#8243; button_bg_color__hover_enabled=\u00bbon|hover\u00bb][et_pb_contact_field field_id=\u00bbNombre\u00bb field_title=\u00bb* Nombre y apellidos\u00bb fullwidth_field=\u00bbon\u00bb _builder_version=\u00bb4.16&#8243; form_field_background_color=\u00bbRGBA(255,255,255,0)\u00bb border_radii=\u00bbon|0px|0px|0px|0px\u00bb border_width_bottom=\u00bb1px\u00bb border_color_bottom=\u00bbrgba(115,115,115,0.52)\u00bb global_colors_info=\u00bb{}\u00bb button_text_size__hover_enabled=\u00bboff\u00bb button_one_text_size__hover_enabled=\u00bboff\u00bb button_two_text_size__hover_enabled=\u00bboff\u00bb button_text_color__hover_enabled=\u00bboff\u00bb button_one_text_color__hover_enabled=\u00bboff\u00bb button_two_text_color__hover_enabled=\u00bboff\u00bb button_border_width__hover_enabled=\u00bboff\u00bb button_one_border_width__hover_enabled=\u00bboff\u00bb button_two_border_width__hover_enabled=\u00bboff\u00bb button_border_color__hover_enabled=\u00bboff\u00bb button_one_border_color__hover_enabled=\u00bboff\u00bb button_two_border_color__hover_enabled=\u00bboff\u00bb button_border_radius__hover_enabled=\u00bboff\u00bb button_one_border_radius__hover_enabled=\u00bboff\u00bb button_two_border_radius__hover_enabled=\u00bboff\u00bb button_letter_spacing__hover_enabled=\u00bboff\u00bb button_one_letter_spacing__hover_enabled=\u00bboff\u00bb button_two_letter_spacing__hover_enabled=\u00bboff\u00bb button_bg_color__hover_enabled=\u00bboff\u00bb button_one_bg_color__hover_enabled=\u00bboff\u00bb button_two_bg_color__hover_enabled=\u00bboff\u00bb][\/et_pb_contact_field][et_pb_contact_field field_id=\u00bbEmail\u00bb field_title=\u00bb* Email\u00bb field_type=\u00bbemail\u00bb _builder_version=\u00bb4.16&#8243; form_field_background_color=\u00bbRGBA(255,255,255,0)\u00bb border_radii=\u00bbon|0px|0px|0px|0px\u00bb border_width_bottom=\u00bb1px\u00bb border_color_bottom=\u00bbrgba(115,115,115,0.52)\u00bb global_colors_info=\u00bb{}\u00bb button_text_size__hover_enabled=\u00bboff\u00bb button_one_text_size__hover_enabled=\u00bboff\u00bb button_two_text_size__hover_enabled=\u00bboff\u00bb button_text_color__hover_enabled=\u00bboff\u00bb button_one_text_color__hover_enabled=\u00bboff\u00bb button_two_text_color__hover_enabled=\u00bboff\u00bb button_border_width__hover_enabled=\u00bboff\u00bb button_one_border_width__hover_enabled=\u00bboff\u00bb button_two_border_width__hover_enabled=\u00bboff\u00bb button_border_color__hover_enabled=\u00bboff\u00bb button_one_border_color__hover_enabled=\u00bboff\u00bb button_two_border_color__hover_enabled=\u00bboff\u00bb button_border_radius__hover_enabled=\u00bboff\u00bb button_one_border_radius__hover_enabled=\u00bboff\u00bb button_two_border_radius__hover_enabled=\u00bboff\u00bb button_letter_spacing__hover_enabled=\u00bboff\u00bb button_one_letter_spacing__hover_enabled=\u00bboff\u00bb button_two_letter_spacing__hover_enabled=\u00bboff\u00bb button_bg_color__hover_enabled=\u00bboff\u00bb button_one_bg_color__hover_enabled=\u00bboff\u00bb button_two_bg_color__hover_enabled=\u00bboff\u00bb][\/et_pb_contact_field][et_pb_contact_field field_id=\u00bbTel\u00e9fono\u00bb field_title=\u00bbTel\u00e9fono de contacto\u00bb allowed_symbols=\u00bbnumbers\u00bb required_mark=\u00bboff\u00bb _builder_version=\u00bb4.16&#8243; _module_preset=\u00bbdefault\u00bb form_field_background_color=\u00bbRGBA(255,255,255,0)\u00bb border_radii=\u00bbon|0px|0px|0px|0px\u00bb border_width_bottom=\u00bb1px\u00bb border_color_bottom=\u00bbrgba(115,115,115,0.52)\u00bb global_colors_info=\u00bb{}\u00bb][\/et_pb_contact_field][et_pb_contact_field field_id=\u00bbLocalidad\u00bb field_title=\u00bbC\u00f3digo postal o localidad\u00bb allowed_symbols=\u00bbalphanumeric\u00bb required_mark=\u00bboff\u00bb _builder_version=\u00bb4.16&#8243; _module_preset=\u00bbdefault\u00bb form_field_background_color=\u00bbRGBA(255,255,255,0)\u00bb border_radii=\u00bbon|0px|0px|0px|0px\u00bb border_width_bottom=\u00bb1px\u00bb border_color_bottom=\u00bbrgba(115,115,115,0.52)\u00bb global_colors_info=\u00bb{}\u00bb][\/et_pb_contact_field][et_pb_contact_field field_id=\u00bbEmpresa\u00bb field_title=\u00bbEmpresa\u00bb required_mark=\u00bboff\u00bb _builder_version=\u00bb4.16&#8243; form_field_background_color=\u00bbRGBA(255,255,255,0)\u00bb border_radii=\u00bbon|0px|0px|0px|0px\u00bb border_width_bottom=\u00bb1px\u00bb border_color_bottom=\u00bbrgba(115,115,115,0.52)\u00bb global_colors_info=\u00bb{}\u00bb button_text_size__hover_enabled=\u00bboff\u00bb button_one_text_size__hover_enabled=\u00bboff\u00bb button_two_text_size__hover_enabled=\u00bboff\u00bb button_text_color__hover_enabled=\u00bboff\u00bb button_one_text_color__hover_enabled=\u00bboff\u00bb button_two_text_color__hover_enabled=\u00bboff\u00bb button_border_width__hover_enabled=\u00bboff\u00bb button_one_border_width__hover_enabled=\u00bboff\u00bb button_two_border_width__hover_enabled=\u00bboff\u00bb button_border_color__hover_enabled=\u00bboff\u00bb button_one_border_color__hover_enabled=\u00bboff\u00bb button_two_border_color__hover_enabled=\u00bboff\u00bb button_border_radius__hover_enabled=\u00bboff\u00bb button_one_border_radius__hover_enabled=\u00bboff\u00bb button_two_border_radius__hover_enabled=\u00bboff\u00bb button_letter_spacing__hover_enabled=\u00bboff\u00bb button_one_letter_spacing__hover_enabled=\u00bboff\u00bb button_two_letter_spacing__hover_enabled=\u00bboff\u00bb button_bg_color__hover_enabled=\u00bboff\u00bb button_one_bg_color__hover_enabled=\u00bboff\u00bb button_two_bg_color__hover_enabled=\u00bboff\u00bb][\/et_pb_contact_field][et_pb_contact_field field_id=\u00bbServicio\u00bb field_title=\u00bbServicio\u00bb field_type=\u00bbselect\u00bb select_options=\u00bb%91{%22value%22:%22Empresas y startups%22,%22checked%22:0,%22dragID%22:-1},{%22value%22:%22Abogados%22,%22checked%22:0,%22dragID%22:0},{%22value%22:%22Particulares%22,%22checked%22:0,%22dragID%22:1},{%22value%22:%22Empresas familiares%22,%22checked%22:0,%22dragID%22:2},{%22value%22:%22Aut\u00f3nomos y emprendedores%22,%22checked%22:0,%22dragID%22:3},{%22value%22:%22Administradores de fincas y gesti\u00f3n inmobiliaria%22,%22checked%22:0,%22dragID%22:4},{%22value%22:%22Otro%22,%22checked%22:0,%22dragID%22:5}%93&#8243; required_mark=\u00bboff\u00bb fullwidth_field=\u00bbon\u00bb _builder_version=\u00bb4.16&#8243; _module_preset=\u00bbdefault\u00bb global_colors_info=\u00bb{}\u00bb][\/et_pb_contact_field][et_pb_contact_field field_id=\u00bbMensaje\u00bb field_title=\u00bb\u00bfEn qu\u00e9 podemos ayudarte? \u00a1Te escuchamos!\u00bb field_type=\u00bbtext\u00bb required_mark=\u00bboff\u00bb fullwidth_field=\u00bbon\u00bb _builder_version=\u00bb4.16&#8243; form_field_background_color=\u00bbRGBA(255,255,255,0)\u00bb border_radii=\u00bbon|0px|0px|0px|0px\u00bb border_width_bottom=\u00bb1px\u00bb border_color_bottom=\u00bbrgba(115,115,115,0.52)\u00bb global_colors_info=\u00bb{}\u00bb button_text_size__hover_enabled=\u00bboff\u00bb button_one_text_size__hover_enabled=\u00bboff\u00bb button_two_text_size__hover_enabled=\u00bboff\u00bb button_text_color__hover_enabled=\u00bboff\u00bb button_one_text_color__hover_enabled=\u00bboff\u00bb button_two_text_color__hover_enabled=\u00bboff\u00bb button_border_width__hover_enabled=\u00bboff\u00bb button_one_border_width__hover_enabled=\u00bboff\u00bb button_two_border_width__hover_enabled=\u00bboff\u00bb button_border_color__hover_enabled=\u00bboff\u00bb button_one_border_color__hover_enabled=\u00bboff\u00bb button_two_border_color__hover_enabled=\u00bboff\u00bb button_border_radius__hover_enabled=\u00bboff\u00bb button_one_border_radius__hover_enabled=\u00bboff\u00bb button_two_border_radius__hover_enabled=\u00bboff\u00bb button_letter_spacing__hover_enabled=\u00bboff\u00bb button_one_letter_spacing__hover_enabled=\u00bboff\u00bb button_two_letter_spacing__hover_enabled=\u00bboff\u00bb button_bg_color__hover_enabled=\u00bboff\u00bb button_one_bg_color__hover_enabled=\u00bboff\u00bb button_two_bg_color__hover_enabled=\u00bboff\u00bb][\/et_pb_contact_field][et_pb_contact_field field_id=\u00bbPoliticaPrivacidad\u00bb field_title=\u00bbRGPD\u00bb field_type=\u00bbcheckbox\u00bb checkbox_options=\u00bb%91{%22value%22:%22* Acepto que se traten mis datos para atender la solicitud de informaci\u00f3n.%22,%22checked%22:0,%22dragID%22:-1,%22link_url%22:%22%22,%22link_text%22:%22%22}%93&#8243; fullwidth_field=\u00bbon\u00bb _builder_version=\u00bb4.16&#8243; _module_preset=\u00bbdefault\u00bb form_field_background_color=\u00bbrgba(115,115,115,0.17)\u00bb form_field_font_size=\u00bb14px\u00bb background_color=\u00bbRGBA(255,255,255,0)\u00bb background_enable_color=\u00bbon\u00bb border_radii=\u00bbon|0px|0px|0px|0px\u00bb global_colors_info=\u00bb{}\u00bb][\/et_pb_contact_field][\/et_pb_contact_form][et_pb_text _builder_version=\u00bb4.16&#8243; _module_preset=\u00bbdefault\u00bb width=\u00bb90%\u00bb module_alignment=\u00bbcenter\u00bb global_colors_info=\u00bb{}\u00bb]<\/p>\n<p>(*) Campos obligatorios<\/p>\n<p>[\/et_pb_text][et_pb_toggle title=\u00bbInformaci\u00f3n b\u00e1sica sobre protecci\u00f3n de datos\u00bb icon_color=\u00bb#374F59&#8243; toggle_icon=\u00bb&#xf358;||fa||900&#8243; use_icon_font_size=\u00bbon\u00bb icon_font_size=\u00bb24px\u00bb open_icon_color=\u00bb#374F59&#8243; open_toggle_icon=\u00bb&#xf35b;||fa||900&#8243; _builder_version=\u00bb4.16.1&#8243; _module_preset=\u00bbdefault\u00bb title_font=\u00bbGlacial Indifference Regular|700|||||||\u00bb background_color=\u00bbRGBA(255,255,255,0)\u00bb width=\u00bb90%\u00bb module_alignment=\u00bbcenter\u00bb border_radii=\u00bbon|40px|40px|40px|40px\u00bb global_colors_info=\u00bb{}\u00bb]<\/p>\n<p><b>&#8211; RESPONSABLE<\/b> <b>TRATAMIENTO<\/b><span style=\"font-weight: 400;\">: JESUS FELIU CONSULTORS, S.L.<br \/><strong>&#8211;<\/strong> <strong>DPD<\/strong>: <a href=\"mailto:rgpd@feliuconsultors.com\">rgpd@feliuconsultors.com<\/a><br \/><\/span><span style=\"font-weight: 400;\"><\/span><b>&#8211; FINALIDAD<\/b><span style=\"font-weight: 400;\">: Atender la solicitud del usuario.<br \/><\/span><b>&#8211; LEGITIMACI\u00d3N<\/b><span style=\"font-weight: 400;\">: Consentimiento del interesado.<br \/><\/span><b>&#8211; CESIONES<\/b><span style=\"font-weight: 400;\">: No se prev\u00e9n cesiones, excepto por obligaci\u00f3n legal o requerimiento judicial.<br \/><\/span><b>&#8211; DERECHOS<\/b><span style=\"font-weight: 400;\">: Acceso, rectificaci\u00f3n, supresi\u00f3n, oposici\u00f3n, limitaci\u00f3n, portabilidad, revocaci\u00f3n del consentimiento. Si considera que el tratamiento de sus datos no se ajusta a la normativa, puede acudir a la Autoridad de Control (<\/span><a href=\"https:\/\/www.aepd.es\/\" target=\"_blank\" rel=\"noopener\"><span style=\"font-weight: 400;\">www.aepd.es<\/span><\/a><span style=\"font-weight: 400;\">).<br \/><\/span><b>&#8211; INFORMACI\u00d3N<\/b> <b>ADICIONAL<\/b><span style=\"font-weight: 400;\">: <a href=\"\/es\/politica-de-privacidad\">Pol\u00edtica de Privacidad<\/a>.<\/span><\/p>\n<p>[\/et_pb_toggle][\/et_pb_column][\/et_pb_row][\/et_pb_section][et_pb_section fb_built=\u00bb1&#8243; fullwidth=\u00bbon\u00bb _builder_version=\u00bb4.16&#8243; _module_preset=\u00bbdefault\u00bb global_colors_info=\u00bb{}\u00bb][et_pb_fullwidth_code _builder_version=\u00bb4.16&#8243; _module_preset=\u00bbdefault\u00bb custom_margin=\u00bb||-7px||false|false\u00bb global_colors_info=\u00bb{}\u00bb]<iframe src=\"https:\/\/www.google.com\/maps\/embed?pb=!1m14!1m8!1m3!1d11910.95762143498!2d1.8259013!3d41.7261418!3m2!1i1024!2i768!4f13.1!3m3!1m2!1s0x0%3A0xd7b006b2c961a721!2sFeliu%20Consultors!5e0!3m2!1ses!2ses!4v1637782951368!5m2!1ses!2ses\" width=\"1920\" height=\"475\" style=\"border:0;\" allowfullscreen=\"\" loading=\"lazy\"><\/iframe>[\/et_pb_fullwidth_code][\/et_pb_section]<\/p>\n","protected":false},"excerpt":{"rendered":"<p>ContactoContacta con nosotros y un especialista atender\u00e1 tu consulta(*) Campos obligatorios- RESPONSABLE TRATAMIENTO: JESUS FELIU CONSULTORS, S.L.- DPD: rgpd@feliuconsultors.com- FINALIDAD: Atender la solicitud del usuario.- LEGITIMACI\u00d3N: Consentimiento del interesado.- CESIONES: No se prev\u00e9n cesiones, excepto por obligaci\u00f3n legal o requerimiento judicial.- DERECHOS: Acceso, rectificaci\u00f3n, supresi\u00f3n, oposici\u00f3n, limitaci\u00f3n, portabilidad, revocaci\u00f3n del consentimiento. Si considera que el [&hellip;]<\/p>\n","protected":false},"author":1,"featured_media":2223,"parent":0,"menu_order":0,"comment_status":"closed","ping_status":"closed","template":"","meta":{"_et_pb_use_builder":"on","_et_pb_old_content":"<!-- wp:divi\/placeholder \/-->","_et_gb_content_width":"","footnotes":""},"class_list":["post-32","page","type-page","status-publish","has-post-thumbnail","hentry"],"_links":{"self":[{"href":"https:\/\/www.feliuconsultors.com\/es\/wp-json\/wp\/v2\/pages\/32","targetHints":{"allow":["GET"]}}],"collection":[{"href":"https:\/\/www.feliuconsultors.com\/es\/wp-json\/wp\/v2\/pages"}],"about":[{"href":"https:\/\/www.feliuconsultors.com\/es\/wp-json\/wp\/v2\/types\/page"}],"author":[{"embeddable":true,"href":"https:\/\/www.feliuconsultors.com\/es\/wp-json\/wp\/v2\/users\/1"}],"replies":[{"embeddable":true,"href":"https:\/\/www.feliuconsultors.com\/es\/wp-json\/wp\/v2\/comments?post=32"}],"version-history":[{"count":29,"href":"https:\/\/www.feliuconsultors.com\/es\/wp-json\/wp\/v2\/pages\/32\/revisions"}],"predecessor-version":[{"id":6156,"href":"https:\/\/www.feliuconsultors.com\/es\/wp-json\/wp\/v2\/pages\/32\/revisions\/6156"}],"wp:featuredmedia":[{"embeddable":true,"href":"https:\/\/www.feliuconsultors.com\/es\/wp-json\/wp\/v2\/media\/2223"}],"wp:attachment":[{"href":"https:\/\/www.feliuconsultors.com\/es\/wp-json\/wp\/v2\/media?parent=32"}],"curies":[{"name":"wp","href":"https:\/\/api.w.org\/{rel}","templated":true}]}}